{"id":21293,"date":"2024-09-17T09:05:54","date_gmt":"2024-09-17T12:05:54","guid":{"rendered":"https:\/\/respiregreen.com\/projects\/"},"modified":"2025-08-07T16:51:35","modified_gmt":"2025-08-07T19:51:35","slug":"projects","status":"publish","type":"page","link":"https:\/\/respiregreen.com\/en\/projects\/","title":{"rendered":"Projects"},"content":{"rendered":"\t\t<div data-elementor-type=\"wp-page\" data-elementor-id=\"21293\" class=\"elementor elementor-21293 elementor-19073\" data-elementor-post-type=\"page\">\n\t\t\t\t\t\t<section class=\"elementor-section elementor-top-section elementor-element elementor-element-1a428f0e elementor-section-boxed elementor-section-height-default elementor-section-height-default sc_fly_static\" data-id=\"1a428f0e\" data-element_type=\"section\">\n\t\t\t\t\t\t<div class=\"elementor-container elementor-column-gap-extended\">\n\t\t\t\t\t<div class=\"elementor-column elementor-col-100 elementor-top-column elementor-element elementor-element-2d29937f sc_content_align_inherit sc_layouts_column_icons_position_left sc_fly_static\" data-id=\"2d29937f\" data-element_type=\"column\">\n\t\t\t<div class=\"elementor-widget-wrap elementor-element-populated\">\n\t\t\t\t\t\t<div class=\"elementor-element elementor-element-6330ef28 sc_height_huge sc_fly_static elementor-widget elementor-widget-spacer\" data-id=\"6330ef28\" data-element_type=\"widget\" data-widget_type=\"spacer.default\">\n\t\t\t\t<div class=\"elementor-widget-container\">\n\t\t\t\t\t\t\t<div class=\"elementor-spacer\">\n\t\t\t<div class=\"elementor-spacer-inner\"><\/div>\n\t\t<\/div>\n\t\t\t\t\t\t<\/div>\n\t\t\t\t<\/div>\n\t\t\t\t\t<\/div>\n\t\t<\/div>\n\t\t\t\t\t<\/div>\n\t\t<\/section>\n\t\t\t\t<section class=\"elementor-section elementor-top-section elementor-element elementor-element-3bc1371f elementor-section-full_width elementor-section-height-default elementor-section-height-default sc_fly_static\" data-id=\"3bc1371f\" data-element_type=\"section\">\n\t\t\t\t\t\t<div class=\"elementor-container elementor-column-gap-no\">\n\t\t\t\t\t<div class=\"elementor-column elementor-col-100 elementor-top-column elementor-element elementor-element-322b8ab7 sc_content_align_inherit sc_layouts_column_icons_position_left sc_fly_static\" data-id=\"322b8ab7\" data-element_type=\"column\">\n\t\t\t<div class=\"elementor-widget-wrap elementor-element-populated\">\n\t\t\t\t\t\t<div class=\"elementor-element elementor-element-639be72b sc_fly_static elementor-widget elementor-widget-trx_sc_portfolio\" data-id=\"639be72b\" data-element_type=\"widget\" data-widget_type=\"trx_sc_portfolio.default\">\n\t\t\t\t<div class=\"elementor-widget-container\">\n\t\t\t\t\t<div \t\tclass=\"sc_portfolio sc_portfolio_band\"><div class=\"sc_portfolio_columns_wrap sc_item_columns sc_item_posts_container trx_addons_columns_wrap columns_padding_bottom grid_wrap_1 columns_in_single_row\"><div class=\"trx_addons_column-1_2 trx_addons_column-1_1-tablet trx_addons_column-1_2-mobile\"><div data-post-id=\"21126\" class=\"sc_portfolio_item sc_item_container post_container\"\n\t\tdata-size=\"1280x963\"\n\tdata-src=\"https:\/\/respiregreen.com\/wp-content\/uploads\/2024\/11\/img03.jpeg\"\n\t>\n\t<div class=\"post_featured with_thumb hover_link sc_portfolio_item_thumb trx_addons_image_effects_on_waves2\" data-image-effect-strength=\"30\"><img fetchpriority=\"high\" decoding=\"async\" width=\"650\" height=\"572\" src=\"https:\/\/respiregreen.com\/wp-content\/uploads\/2024\/11\/img03-650x572.jpeg\" class=\"attachment-fuse-thumb-medium-square size-fuse-thumb-medium-square wp-post-image\" alt=\"\" \/>\t\t\t\t\t\t<div class=\"mask\"><\/div>\n\t\t\t\t\t\t\t\t\t<a href=\"https:\/\/respiregreen.com\/en\/portfolio\/araucarias-vivas\/\"  aria-hidden=\"true\" class=\"link\"><\/a>\n\t\t\t<\/div>    <div class=\"post_content_wrap\">\n                    <h5 class=\"post_title\">\n                    <a href=\"https:\/\/respiregreen.com\/en\/portfolio\/araucarias-vivas\/\">Forest Preservation<\/a>\n                    <\/h5>\n         \n                    <div class=\"post_description_content\"> This project allows individuals and companies to directly support the conservation of native areas. By purchasing a carbon credit, you finance a full year of forest maintenance and protection, ensuring that it remains preserved and acts as an important CO\u2082 sink.  <\/div>\n                <a href=\"https:\/\/respiregreen.com\/en\/portfolio\/araucarias-vivas\/\" class=\"theme_button\"><span class=\"post_readmore_label\">Meet <\/span><span class=\"hover-arrow\"><\/span><\/a>\n        \n\n    <\/div>\n<\/div><\/div><\/div><\/div>\t\t\t\t<\/div>\n\t\t\t\t<\/div>\n\t\t\t\t\t<\/div>\n\t\t<\/div>\n\t\t\t\t\t<\/div>\n\t\t<\/section>\n\t\t\t\t<section class=\"elementor-section elementor-top-section elementor-element elementor-element-64d5c0a3 elementor-section-boxed elementor-section-height-default elementor-section-height-default sc_fly_static\" data-id=\"64d5c0a3\" data-element_type=\"section\">\n\t\t\t\t\t\t<div class=\"elementor-container elementor-column-gap-extended\">\n\t\t\t\t\t<div class=\"elementor-column elementor-col-100 elementor-top-column elementor-element elementor-element-960bdc sc_content_align_inherit sc_layouts_column_icons_position_left sc_fly_static\" data-id=\"960bdc\" data-element_type=\"column\">\n\t\t\t<div class=\"elementor-widget-wrap elementor-element-populated\">\n\t\t\t\t\t\t<div class=\"elementor-element elementor-element-33fcd2a5 sc_height_huge sc_fly_static elementor-widget elementor-widget-spacer\" data-id=\"33fcd2a5\" data-element_type=\"widget\" data-widget_type=\"spacer.default\">\n\t\t\t\t<div class=\"elementor-widget-container\">\n\t\t\t\t\t\t\t<div class=\"elementor-spacer\">\n\t\t\t<div class=\"elementor-spacer-inner\"><\/div>\n\t\t<\/div>\n\t\t\t\t\t\t<\/div>\n\t\t\t\t<\/div>\n\t\t\t\t\t<\/div>\n\t\t<\/div>\n\t\t\t\t\t<\/div>\n\t\t<\/section>\n\t\t\t\t<\/div>\n\t\t","protected":false},"excerpt":{"rendered":"<p>Recicla Sul Transforma\u00e7\u00e3o de res\u00edduos em biog\u00e1s e compostagem Projeto urbano que gera energia limpa e fertilizantes naturais a partir de lixo org\u00e2nico, em parceria com cooperativas e prefeituras. Meet&hellip;<\/p>\n","protected":false},"author":1,"featured_media":0,"parent":0,"menu_order":0,"comment_status":"closed","ping_status":"closed","template":"","meta":{"footnotes":""},"class_list":["post-21293","page","type-page","status-publish","hentry"],"_links":{"self":[{"href":"https:\/\/respiregreen.com\/en\/wp-json\/wp\/v2\/pages\/21293","targetHints":{"allow":["GET"]}}],"collection":[{"href":"https:\/\/respiregreen.com\/en\/wp-json\/wp\/v2\/pages"}],"about":[{"href":"https:\/\/respiregreen.com\/en\/wp-json\/wp\/v2\/types\/page"}],"author":[{"embeddable":true,"href":"https:\/\/respiregreen.com\/en\/wp-json\/wp\/v2\/users\/1"}],"replies":[{"embeddable":true,"href":"https:\/\/respiregreen.com\/en\/wp-json\/wp\/v2\/comments?post=21293"}],"version-history":[{"count":2,"href":"https:\/\/respiregreen.com\/en\/wp-json\/wp\/v2\/pages\/21293\/revisions"}],"predecessor-version":[{"id":21295,"href":"https:\/\/respiregreen.com\/en\/wp-json\/wp\/v2\/pages\/21293\/revisions\/21295"}],"wp:attachment":[{"href":"https:\/\/respiregreen.com\/en\/wp-json\/wp\/v2\/media?parent=21293"}],"curies":[{"name":"wp","href":"https:\/\/api.w.org\/{rel}","templated":true}]}}