{"id":21071,"date":"2025-08-06T16:01:25","date_gmt":"2025-08-06T19:01:25","guid":{"rendered":"https:\/\/respiregreen.com\/product\/credito-de-carbono-1t-araucarias-vivas\/"},"modified":"2025-11-23T18:28:30","modified_gmt":"2025-11-23T21:28:30","slug":"credito-de-carbono-1t-araucarias-vivas","status":"publish","type":"product","link":"https:\/\/respiregreen.com\/es\/loja\/preservation\/credito-de-carbono-1t-araucarias-vivas\/","title":{"rendered":"Cr\u00e9dito de Carbono \u2013 Conservaci\u00f3n Forestal"},"content":{"rendered":"<p><span style=\"font-weight: 400;\">Felicitaciones por comprar nuestro producto (\u00e1rboles), contribuir a nuestro medio ambiente y reducir su huella de carbono durante su vida en el planeta. <\/span><span style=\"font-weight: 400;\">Desde el inicio de tu compra y hasta la fecha l\u00edmite (un a\u00f1o), renovable indefinidamente a los precios actuales, est\u00e1s contribuyendo a reducir el impacto clim\u00e1tico.<\/span><\/p>\n","protected":false},"excerpt":{"rendered":"<p>Cr\u00e9ditos de Carbono \u2013 Preservaci\u00f3n Forestal. Vigencia: 1 a\u00f1o<\/p>\n","protected":false},"featured_media":21486,"template":"","meta":[],"product_brand":[],"product_cat":[228],"product_tag":[217,218,219],"class_list":{"0":"post-21071","1":"product","2":"type-product","3":"status-publish","4":"has-post-thumbnail","6":"product_cat-preservation","7":"product_tag-carbono-es","8":"product_tag-certificado-es","9":"product_tag-sustentavel-es","11":"first","12":"instock","13":"virtual","14":"purchasable","15":"product-type-simple"},"_links":{"self":[{"href":"https:\/\/respiregreen.com\/es\/wp-json\/wp\/v2\/product\/21071","targetHints":{"allow":["GET"]}}],"collection":[{"href":"https:\/\/respiregreen.com\/es\/wp-json\/wp\/v2\/product"}],"about":[{"href":"https:\/\/respiregreen.com\/es\/wp-json\/wp\/v2\/types\/product"}],"wp:featuredmedia":[{"embeddable":true,"href":"https:\/\/respiregreen.com\/es\/wp-json\/wp\/v2\/media\/21486"}],"wp:attachment":[{"href":"https:\/\/respiregreen.com\/es\/wp-json\/wp\/v2\/media?parent=21071"}],"wp:term":[{"taxonomy":"product_brand","embeddable":true,"href":"https:\/\/respiregreen.com\/es\/wp-json\/wp\/v2\/product_brand?post=21071"},{"taxonomy":"product_cat","embeddable":true,"href":"https:\/\/respiregreen.com\/es\/wp-json\/wp\/v2\/product_cat?post=21071"},{"taxonomy":"product_tag","embeddable":true,"href":"https:\/\/respiregreen.com\/es\/wp-json\/wp\/v2\/product_tag?post=21071"}],"curies":[{"name":"wp","href":"https:\/\/api.w.org\/{rel}","templated":true}]}}